{"id":422,"date":"2021-11-05T19:01:12","date_gmt":"2021-11-05T23:01:12","guid":{"rendered":"https:\/\/engtechnik.com\/aviso-de-privacidad\/"},"modified":"2021-11-05T19:04:18","modified_gmt":"2021-11-05T23:04:18","slug":"aviso-de-privacidad","status":"publish","type":"page","link":"https:\/\/engtechnik.com\/es\/aviso-de-privacidad\/","title":{"rendered":"Aviso de Privacidad"},"content":{"rendered":"[et_pb_section fb_built=\u00bb1&#8243; admin_label=\u00bbsection\u00bb _builder_version=\u00bb3.22&#8243; global_colors_info=\u00bb{}\u00bb][et_pb_row admin_label=\u00bbrow\u00bb _builder_version=\u00bb3.25&#8243; global_colors_info=\u00bb{}\u00bb][et_pb_column type=\u00bb4_4&#8243; _builder_version=\u00bb3.25&#8243; custom_padding=\u00bb|||\u00bb global_colors_info=\u00bb{}\u00bb custom_padding__hover=\u00bb|||\u00bb][et_pb_text admin_label=\u00bbText\u00bb _builder_version=\u00bb4.12.0&#8243; hover_enabled=\u00bb0&#8243; global_colors_info=\u00bb{}\u00bb _module_preset=\u00bb6e252fbe-7a1d-42b7-864c-69bb83dfca26&#8243; sticky_enabled=\u00bb0&#8243;]<h2>Aviso de privacidad<\/h2>\n<p>&nbsp;<\/p>\n<p>Los datos personales (\u201cLos Datos\u201d) solicitados, son tratados por Engtechnik SA de CV (\u201cEngtechnik\u201d), con domicilio en Paseo de los Insurgentes 304-20, Leon Guanajuato, C.P.37160, con la finalidad de brindarle el servicio que nos solicita, conocer sus necesidades de productos o servicios y estar en posibilidad de ofrecerle los que m\u00e1s se adecuen a sus preferencias; comunicarle promociones, atender quejas y aclaraciones, y en su caso, tratarlos para fines compatibles con los mencionados en este Aviso de Privacidad y que se consideren an\u00e1logos para efectos legales. En caso de formalizar con Usted la aceptaci\u00f3n de alg\u00fan producto o servicio ofrecido por Engtechnik, sus Datos ser\u00e1n utilizados para el cumplimiento de las obligaciones derivadas de esa relaci\u00f3n jur\u00eddica.<\/p>\n<p>Los Datos podr\u00edan ser transferidos a sociedades subsidiarias, filiales, afiliadas y controladoras del Responsable, dentro de territorio nacional o en el extranjero para los mismos fines.<\/p>\n<p>Los Datos ser\u00e1n tratados de conformidad con la Ley Federal de Protecci\u00f3n de Datos Personales en Posesi\u00f3n de los Particulares y su Reglamento. La confidencialidad de los Datos est\u00e1 garantizada y los mismos est\u00e1n protegidos por medidas de seguridad administrativas, t\u00e9cnicas y f\u00edsicas, para evitar su da\u00f1o, p\u00e9rdida, alteraci\u00f3n, destrucci\u00f3n, uso, acceso o divulgaci\u00f3n indebida. \u00danicamente las personas autorizadas tendr\u00e1n acceso a sus Datos.<\/p>\n<p>En caso de existir alguna modificaci\u00f3n al presente Aviso de Privacidad se har\u00e1 de su conocimiento en nuestro sitio de Internet http:\/\/www.engtechnik.com\/es\/aviso-de-privacidad<\/p>\n<p>Podr\u00e1 ejercer los derechos de acceso, rectificaci\u00f3n, cancelaci\u00f3n u oposici\u00f3n al tratamiento de sus Datos, presentando su solicitud a trav\u00e9s del correo electr\u00f3nico: info@engtechnik.com o por escrito dirigido al \u00e1rea de \u00c9tica, Cumplimiento, Calidad Corporativa y Privacidad a la direcci\u00f3n:\u00a0Paseo de los Insurgentes 304-20,\u00a0Leon Guanajuato,\u00a0C.P.37160<\/p>\n<p><\/p>[\/et_pb_text][\/et_pb_column][\/et_pb_row][\/et_pb_section]","protected":false},"excerpt":{"rendered":"<p>Aviso de privacidad &nbsp; Los datos personales (\u201cLos Datos\u201d) solicitados, son tratados por Engtechnik SA de CV (\u201cEngtechnik\u201d), con domicilio en Paseo de los Insurgentes 304-20, Leon Guanajuato, C.P.37160, con la finalidad de brindarle el servicio que nos solicita, conocer sus necesidades de productos o servicios y estar en posibilidad de ofrecerle los que m\u00e1s [&hellip;]<\/p>\n","protected":false},"author":1,"featured_media":0,"parent":0,"menu_order":0,"comment_status":"closed","ping_status":"closed","template":"","meta":{"_acf_changed":false,"_et_pb_use_builder":"on","_et_pb_old_content":"","_et_gb_content_width":"","footnotes":""},"class_list":["post-422","page","type-page","status-publish","hentry"],"acf":[],"_links":{"self":[{"href":"https:\/\/engtechnik.com\/es\/wp-json\/wp\/v2\/pages\/422","targetHints":{"allow":["GET"]}}],"collection":[{"href":"https:\/\/engtechnik.com\/es\/wp-json\/wp\/v2\/pages"}],"about":[{"href":"https:\/\/engtechnik.com\/es\/wp-json\/wp\/v2\/types\/page"}],"author":[{"embeddable":true,"href":"https:\/\/engtechnik.com\/es\/wp-json\/wp\/v2\/users\/1"}],"replies":[{"embeddable":true,"href":"https:\/\/engtechnik.com\/es\/wp-json\/wp\/v2\/comments?post=422"}],"version-history":[{"count":2,"href":"https:\/\/engtechnik.com\/es\/wp-json\/wp\/v2\/pages\/422\/revisions"}],"predecessor-version":[{"id":425,"href":"https:\/\/engtechnik.com\/es\/wp-json\/wp\/v2\/pages\/422\/revisions\/425"}],"wp:attachment":[{"href":"https:\/\/engtechnik.com\/es\/wp-json\/wp\/v2\/media?parent=422"}],"curies":[{"name":"wp","href":"https:\/\/api.w.org\/{rel}","templated":true}]}}