{"id":400,"date":"2021-11-05T18:37:16","date_gmt":"2021-11-05T22:37:16","guid":{"rendered":"https:\/\/engtechnik.com\/emg-presses\/"},"modified":"2021-11-05T18:37:17","modified_gmt":"2021-11-05T22:37:17","slug":"emg-presses","status":"publish","type":"page","link":"https:\/\/engtechnik.com\/es\/emg-presses\/","title":{"rendered":"EMG Presses"},"content":{"rendered":"<p>[et_pb_section fb_built=\u00bb1&#8243; _builder_version=\u00bb4.12.0&#8243; _module_preset=\u00bbdefault\u00bb background_color=\u00bbrgba(17,17,17,0.4)\u00bb background_image=\u00bbhttps:\/\/engtechnik.com\/wp-content\/uploads\/2021\/11\/ench-bg-001.jpg\u00bb background_blend=\u00bbmultiply\u00bb custom_padding=\u00bb3%||3%||true|false\u00bb global_colors_info=\u00bb{}\u00bb][et_pb_row _builder_version=\u00bb4.12.0&#8243; _module_preset=\u00bbdefault\u00bb global_colors_info=\u00bb{}\u00bb][et_pb_column type=\u00bb4_4&#8243; _builder_version=\u00bb4.12.0&#8243; _module_preset=\u00bbdefault\u00bb global_colors_info=\u00bb{}\u00bb][et_pb_text _builder_version=\u00bb4.12.0&#8243; _module_preset=\u00bbdefault\u00bb header_font=\u00bb|||on|||||\u00bb header_text_align=\u00bbleft\u00bb header_text_color=\u00bb#FFFFFF\u00bb global_colors_info=\u00bb{}\u00bb]<\/p>\n<h1>EMG Presses<\/h1>\n<p>[\/et_pb_text][et_pb_image src=\u00bbhttps:\/\/engtechnik.com\/wp-content\/uploads\/2021\/11\/ench-logo-emg-presses.png\u00bb alt=\u00bbEMG Presses\u00bb title_text=\u00bbEMG Presses\u00bb _builder_version=\u00bb4.12.0&#8243; _module_preset=\u00bbdefault\u00bb global_colors_info=\u00bb{}\u00bb][\/et_pb_image][\/et_pb_column][\/et_pb_row][\/et_pb_section][et_pb_section fb_built=\u00bb1&#8243; _builder_version=\u00bb4.12.0&#8243; _module_preset=\u00bbdefault\u00bb global_colors_info=\u00bb{}\u00bb][et_pb_row column_structure=\u00bb2_5,3_5&#8243; use_custom_gutter=\u00bbon\u00bb gutter_width=\u00bb2&#8243; _builder_version=\u00bb4.12.0&#8243; _module_preset=\u00bbdefault\u00bb global_colors_info=\u00bb{}\u00bb][et_pb_column type=\u00bb2_5&#8243; _builder_version=\u00bb4.12.0&#8243; _module_preset=\u00bbdefault\u00bb global_colors_info=\u00bb{}\u00bb][et_pb_text _builder_version=\u00bb4.12.0&#8243; _module_preset=\u00bb6e252fbe-7a1d-42b7-864c-69bb83dfca26&#8243; custom_padding=\u00bb||24px|||\u00bb global_colors_info=\u00bb{}\u00bb]<\/p>\n<div class=\"wpb_text_column wpb_content_element  light-header border-header light-margin\">\n<div class=\"wpb_wrapper\">\n<h2>Sobre EMG Presses<\/h2>\n<\/div>\n<\/div>\n<p>EMG presses, las palabras robustez, fiabilidad y resistencia, se han utilizado durante m\u00e1s de 35 a\u00f1os en muchas divisiones de la industria:<\/p>\n<p>[\/et_pb_text][et_pb_text module_class=\u00bbengtech-list\u00bb _builder_version=\u00bb4.12.0&#8243; _module_preset=\u00bbdefault\u00bb ul_font=\u00bb|700|||||||\u00bb custom_padding=\u00bb||0px|||\u00bb global_colors_info=\u00bb{}\u00bb]<\/p>\n<ul>\n<li>Elaboraci\u00f3n de Joyer\u00eda y Relojes,<\/li>\n<li>Electrodom\u00e9sticos,<\/li>\n<li>Creaci\u00f3n de Carros,<\/li>\n<li>Juguetes,<\/li>\n<li>Cerrajer\u00eda\u2026<\/li>\n<\/ul>\n<p>[\/et_pb_text][et_pb_text _builder_version=\u00bb4.12.0&#8243; _module_preset=\u00bbdefault\u00bb global_colors_info=\u00bb{}\u00bb]<\/p>\n<p>Cada modelo cuenta con una reserva de energia y una unidad de precisi\u00f3n muy acertada. Toda la gama de EMG Presses ofrece un amplio variedad de aplicaciones en el trabajo, con una gran capacidad de personalizaci\u00f3n. EMG Presses trabaja en dise\u00f1ar y adaptar la prensa perfecta para tu l\u00ednea de negocios.<\/p>\n<p>[\/et_pb_text][\/et_pb_column][et_pb_column type=\u00bb3_5&#8243; _builder_version=\u00bb4.12.0&#8243; _module_preset=\u00bbdefault\u00bb global_colors_info=\u00bb{}\u00bb][et_pb_gallery gallery_ids=\u00bb123,125,127,129,131,133&#8243; posts_number=\u00bb6&#8243; orientation=\u00bbportrait\u00bb show_title_and_caption=\u00bboff\u00bb show_pagination=\u00bboff\u00bb module_class=\u00bbengtech-gallery-3&#215;3&#8243; _builder_version=\u00bb4.12.0&#8243; _module_preset=\u00bbdefault\u00bb hover_enabled=\u00bb0&#8243; global_colors_info=\u00bb{}\u00bb sticky_enabled=\u00bb0&#8243;][\/et_pb_gallery][\/et_pb_column][\/et_pb_row][\/et_pb_section][et_pb_section fb_built=\u00bb1&#8243; admin_label=\u00bbCTA\u00bb _builder_version=\u00bb4.12.0&#8243; _module_preset=\u00bbdefault\u00bb background_color=\u00bb#6AB165&#8243; custom_padding=\u00bb3%||3%||true|false\u00bb global_module=\u00bb176&#8243; global_colors_info=\u00bb{}\u00bb][et_pb_row column_structure=\u00bb3_5,2_5&#8243; use_custom_gutter=\u00bbon\u00bb gutter_width=\u00bb2&#8243; make_equal=\u00bbon\u00bb module_class=\u00bbcol-middle\u00bb _builder_version=\u00bb4.12.0&#8243; _module_preset=\u00bbdefault\u00bb custom_margin=\u00bb||||false|false\u00bb custom_padding=\u00bb0px||0px||true|false\u00bb global_colors_info=\u00bb{}\u00bb][et_pb_column type=\u00bb3_5&#8243; _builder_version=\u00bb4.12.0&#8243; _module_preset=\u00bbdefault\u00bb global_colors_info=\u00bb{}\u00bb][et_pb_text _builder_version=\u00bb4.12.0&#8243; _module_preset=\u00bbdefault\u00bb text_font=\u00bb|600|||||||\u00bb text_text_color=\u00bb#FFFFFF\u00bb text_font_size=\u00bb25px\u00bb global_colors_info=\u00bb{}\u00bb]<\/p>\n<p>Looking for an automation solution for your company?<\/p>\n<p>[\/et_pb_text][et_pb_text _builder_version=\u00bb4.12.0&#8243; _module_preset=\u00bbdefault\u00bb text_font_size=\u00bb18px\u00bb background_layout=\u00bbdark\u00bb global_colors_info=\u00bb{}\u00bb]<\/p>\n<p>Contact us today for a free consultation or more information<\/p>\n<p>[\/et_pb_text][\/et_pb_column][et_pb_column type=\u00bb2_5&#8243; _builder_version=\u00bb4.12.0&#8243; _module_preset=\u00bbdefault\u00bb global_colors_info=\u00bb{}\u00bb][et_pb_button button_url=\u00bb@ET-DC@eyJkeW5hbWljIjp0cnVlLCJjb250ZW50IjoicG9zdF9saW5rX3VybF9wYWdlIiwic2V0dGluZ3MiOnsicG9zdF9pZCI6IjQ1In19@\u00bb button_text=\u00bbGet in touch\u00bb button_alignment=\u00bbcenter\u00bb _builder_version=\u00bb4.12.0&#8243; _dynamic_attributes=\u00bbbutton_url\u00bb _module_preset=\u00bbdefault\u00bb custom_button=\u00bbon\u00bb background_layout=\u00bbdark\u00bb global_colors_info=\u00bb{}\u00bb][\/et_pb_button][\/et_pb_column][\/et_pb_row][\/et_pb_section]<\/p>\n","protected":false},"excerpt":{"rendered":"<p>EMG Presses Sobre EMG Presses EMG presses, las palabras robustez, fiabilidad y resistencia, se han utilizado durante m\u00e1s de 35 a\u00f1os en muchas divisiones de la industria: Elaboraci\u00f3n de Joyer\u00eda y Relojes, Electrodom\u00e9sticos, Creaci\u00f3n de Carros, Juguetes, Cerrajer\u00eda\u2026 Cada modelo cuenta con una reserva de energia y una unidad de precisi\u00f3n muy acertada. Toda la [&hellip;]<\/p>\n","protected":false},"author":1,"featured_media":0,"parent":0,"menu_order":0,"comment_status":"closed","ping_status":"closed","template":"","meta":{"_acf_changed":false,"_et_pb_use_builder":"on","_et_pb_old_content":"","_et_gb_content_width":"","footnotes":""},"class_list":["post-400","page","type-page","status-publish","hentry"],"acf":[],"_links":{"self":[{"href":"https:\/\/engtechnik.com\/es\/wp-json\/wp\/v2\/pages\/400","targetHints":{"allow":["GET"]}}],"collection":[{"href":"https:\/\/engtechnik.com\/es\/wp-json\/wp\/v2\/pages"}],"about":[{"href":"https:\/\/engtechnik.com\/es\/wp-json\/wp\/v2\/types\/page"}],"author":[{"embeddable":true,"href":"https:\/\/engtechnik.com\/es\/wp-json\/wp\/v2\/users\/1"}],"replies":[{"embeddable":true,"href":"https:\/\/engtechnik.com\/es\/wp-json\/wp\/v2\/comments?post=400"}],"version-history":[{"count":3,"href":"https:\/\/engtechnik.com\/es\/wp-json\/wp\/v2\/pages\/400\/revisions"}],"predecessor-version":[{"id":403,"href":"https:\/\/engtechnik.com\/es\/wp-json\/wp\/v2\/pages\/400\/revisions\/403"}],"wp:attachment":[{"href":"https:\/\/engtechnik.com\/es\/wp-json\/wp\/v2\/media?parent=400"}],"curies":[{"name":"wp","href":"https:\/\/api.w.org\/{rel}","templated":true}]}}