{"id":396,"date":"2021-11-05T18:33:04","date_gmt":"2021-11-05T22:33:04","guid":{"rendered":"https:\/\/engtechnik.com\/ccm\/"},"modified":"2021-11-05T18:33:04","modified_gmt":"2021-11-05T22:33:04","slug":"ccm","status":"publish","type":"page","link":"https:\/\/engtechnik.com\/es\/maquinaria-industrial-a-medida\/ccm\/","title":{"rendered":"CCM"},"content":{"rendered":"<p>[et_pb_section fb_built=\u00bb1&#8243; _builder_version=\u00bb4.12.0&#8243; _module_preset=\u00bbdefault\u00bb background_color=\u00bbrgba(17,17,17,0.4)\u00bb background_image=\u00bbhttps:\/\/engtechnik.com\/wp-content\/uploads\/2021\/11\/ench-bg-001.jpg\u00bb background_blend=\u00bbmultiply\u00bb custom_padding=\u00bb3%||3%||true|false\u00bb hover_enabled=\u00bb0&#8243; global_colors_info=\u00bb{}\u00bb sticky_enabled=\u00bb0&#8243;][et_pb_row _builder_version=\u00bb4.12.0&#8243; _module_preset=\u00bbdefault\u00bb global_colors_info=\u00bb{}\u00bb][et_pb_column type=\u00bb4_4&#8243; _builder_version=\u00bb4.12.0&#8243; _module_preset=\u00bbdefault\u00bb global_colors_info=\u00bb{}\u00bb][et_pb_text _builder_version=\u00bb4.12.0&#8243; _module_preset=\u00bbdefault\u00bb header_font=\u00bb|||on|||||\u00bb header_text_align=\u00bbleft\u00bb header_text_color=\u00bb#FFFFFF\u00bb global_colors_info=\u00bb{}\u00bb]<\/p>\n<h1>CCM Automation Technology<\/h1>\n<p>[\/et_pb_text][et_pb_image src=\u00bbhttps:\/\/engtechnik.com\/wp-content\/uploads\/2021\/11\/ccm_automation_technology.png\u00bb alt=\u00bbCCM Automation Technology\u00bb title_text=\u00bbCCM Automation Technology\u00bb _builder_version=\u00bb4.12.0&#8243; _module_preset=\u00bbdefault\u00bb global_colors_info=\u00bb{}\u00bb][\/et_pb_image][\/et_pb_column][\/et_pb_row][\/et_pb_section][et_pb_section fb_built=\u00bb1&#8243; _builder_version=\u00bb4.12.0&#8243; _module_preset=\u00bbdefault\u00bb global_colors_info=\u00bb{}\u00bb][et_pb_row column_structure=\u00bb2_5,3_5&#8243; _builder_version=\u00bb4.12.0&#8243; _module_preset=\u00bbdefault\u00bb hover_enabled=\u00bb0&#8243; global_colors_info=\u00bb{}\u00bb use_custom_gutter=\u00bbon\u00bb gutter_width=\u00bb2&#8243; sticky_enabled=\u00bb0&#8243;][et_pb_column type=\u00bb2_5&#8243; _builder_version=\u00bb4.12.0&#8243; _module_preset=\u00bbdefault\u00bb global_colors_info=\u00bb{}\u00bb][et_pb_text _builder_version=\u00bb4.12.0&#8243; _module_preset=\u00bb6e252fbe-7a1d-42b7-864c-69bb83dfca26&#8243; hover_enabled=\u00bb0&#8243; global_colors_info=\u00bb{}\u00bb sticky_enabled=\u00bb0&#8243; custom_padding=\u00bb||26px|||\u00bb]<\/p>\n<h2>Sobre CCM<\/h2>\n<p>CCM Automation Technology Co. Ltd se ha especializado en m\u00f3dulos lineares por 20 a\u00f1os con oficinas de dise\u00f1o en el Reino Unido y Hong Kong, plantas de manufactura en china continental, los m\u00f3dulos lineares de CCM son de alta calidad, precisi\u00f3n y desempe\u00f1o confiable para la industrial de la automatizaci\u00f3n.<\/p>\n<p>[\/et_pb_text][et_pb_text module_class=\u00bbengtech-list\u00bb _builder_version=\u00bb4.12.0&#8243; _module_preset=\u00bbdefault\u00bb hover_enabled=\u00bb0&#8243; global_colors_info=\u00bb{}\u00bb ul_font=\u00bb|700|||||||\u00bb sticky_enabled=\u00bb0&#8243;]<\/p>\n<ul>\n<li>Series de m\u00f3dulos lineares CCM<\/li>\n<li>Soporte de motor<\/li>\n<li>Acoplador<\/li>\n<li>Conjunto l\u00e1ser de una sola cabeza<\/li>\n<li>C\u00e1mara Dolly<\/li>\n<\/ul>\n<p>[\/et_pb_text][\/et_pb_column][et_pb_column type=\u00bb3_5&#8243; _builder_version=\u00bb4.12.0&#8243; _module_preset=\u00bbdefault\u00bb global_colors_info=\u00bb{}\u00bb][et_pb_gallery gallery_ids=\u00bb106,108,110,112,114,116&#8243; posts_number=\u00bb6&#8243; show_title_and_caption=\u00bboff\u00bb show_pagination=\u00bboff\u00bb module_class=\u00bbengtech-gallery-3&#215;3&#8243; _builder_version=\u00bb4.12.0&#8243; _module_preset=\u00bbdefault\u00bb hover_enabled=\u00bb0&#8243; global_colors_info=\u00bb{}\u00bb sticky_enabled=\u00bb0&#8243;][\/et_pb_gallery][\/et_pb_column][\/et_pb_row][\/et_pb_section][et_pb_section fb_built=\u00bb1&#8243; admin_label=\u00bbCTA\u00bb _builder_version=\u00bb4.12.0&#8243; _module_preset=\u00bbdefault\u00bb background_color=\u00bb#6AB165&#8243; custom_padding=\u00bb3%||3%||true|false\u00bb global_module=\u00bb176&#8243; saved_tabs=\u00bball\u00bb global_colors_info=\u00bb{}\u00bb][et_pb_row column_structure=\u00bb3_5,2_5&#8243; use_custom_gutter=\u00bbon\u00bb gutter_width=\u00bb2&#8243; make_equal=\u00bbon\u00bb module_class=\u00bbcol-middle\u00bb _builder_version=\u00bb4.12.0&#8243; _module_preset=\u00bbdefault\u00bb custom_margin=\u00bb||||false|false\u00bb custom_padding=\u00bb0px||0px||true|false\u00bb global_colors_info=\u00bb{}\u00bb][et_pb_column type=\u00bb3_5&#8243; _builder_version=\u00bb4.12.0&#8243; _module_preset=\u00bbdefault\u00bb global_colors_info=\u00bb{}\u00bb][et_pb_text _builder_version=\u00bb4.12.0&#8243; _module_preset=\u00bbdefault\u00bb text_font=\u00bb|600|||||||\u00bb text_text_color=\u00bb#FFFFFF\u00bb text_font_size=\u00bb25px\u00bb global_colors_info=\u00bb{}\u00bb]<\/p>\n<p>Looking for an automation solution for your company?<\/p>\n<p>[\/et_pb_text][et_pb_text _builder_version=\u00bb4.12.0&#8243; _module_preset=\u00bbdefault\u00bb text_font_size=\u00bb18px\u00bb background_layout=\u00bbdark\u00bb global_colors_info=\u00bb{}\u00bb]<\/p>\n<p>Contact us today for a free consultation or more information<\/p>\n<p>[\/et_pb_text][\/et_pb_column][et_pb_column type=\u00bb2_5&#8243; _builder_version=\u00bb4.12.0&#8243; _module_preset=\u00bbdefault\u00bb global_colors_info=\u00bb{}\u00bb][et_pb_button button_url=\u00bb@ET-DC@eyJkeW5hbWljIjp0cnVlLCJjb250ZW50IjoicG9zdF9saW5rX3VybF9wYWdlIiwic2V0dGluZ3MiOnsicG9zdF9pZCI6IjQ1In19@\u00bb button_text=\u00bbGet in touch\u00bb button_alignment=\u00bbcenter\u00bb _builder_version=\u00bb4.12.0&#8243; _dynamic_attributes=\u00bbbutton_url\u00bb _module_preset=\u00bbdefault\u00bb custom_button=\u00bbon\u00bb background_layout=\u00bbdark\u00bb global_colors_info=\u00bb{}\u00bb][\/et_pb_button][\/et_pb_column][\/et_pb_row][\/et_pb_section]<\/p>\n","protected":false},"excerpt":{"rendered":"<p>CCM Automation TechnologySobre CCM CCM Automation Technology Co. Ltd se ha especializado en m\u00f3dulos lineares por 20 a\u00f1os con oficinas de dise\u00f1o en el Reino Unido y Hong Kong, plantas de manufactura en china continental, los m\u00f3dulos lineares de CCM son de alta calidad, precisi\u00f3n y desempe\u00f1o confiable para la industrial de la automatizaci\u00f3n. Series [&hellip;]<\/p>\n","protected":false},"author":1,"featured_media":0,"parent":367,"menu_order":0,"comment_status":"closed","ping_status":"closed","template":"","meta":{"_acf_changed":false,"_et_pb_use_builder":"on","_et_pb_old_content":"","_et_gb_content_width":"","footnotes":""},"class_list":["post-396","page","type-page","status-publish","hentry"],"acf":[],"_links":{"self":[{"href":"https:\/\/engtechnik.com\/es\/wp-json\/wp\/v2\/pages\/396","targetHints":{"allow":["GET"]}}],"collection":[{"href":"https:\/\/engtechnik.com\/es\/wp-json\/wp\/v2\/pages"}],"about":[{"href":"https:\/\/engtechnik.com\/es\/wp-json\/wp\/v2\/types\/page"}],"author":[{"embeddable":true,"href":"https:\/\/engtechnik.com\/es\/wp-json\/wp\/v2\/users\/1"}],"replies":[{"embeddable":true,"href":"https:\/\/engtechnik.com\/es\/wp-json\/wp\/v2\/comments?post=396"}],"version-history":[{"count":3,"href":"https:\/\/engtechnik.com\/es\/wp-json\/wp\/v2\/pages\/396\/revisions"}],"predecessor-version":[{"id":399,"href":"https:\/\/engtechnik.com\/es\/wp-json\/wp\/v2\/pages\/396\/revisions\/399"}],"up":[{"embeddable":true,"href":"https:\/\/engtechnik.com\/es\/wp-json\/wp\/v2\/pages\/367"}],"wp:attachment":[{"href":"https:\/\/engtechnik.com\/es\/wp-json\/wp\/v2\/media?parent=396"}],"curies":[{"name":"wp","href":"https:\/\/api.w.org\/{rel}","templated":true}]}}