{"id":378,"date":"2021-11-05T17:46:35","date_gmt":"2021-11-05T21:46:35","guid":{"rendered":"https:\/\/engtechnik.com\/contacto\/"},"modified":"2025-11-19T15:24:01","modified_gmt":"2025-11-19T20:24:01","slug":"contacto","status":"publish","type":"page","link":"https:\/\/engtechnik.com\/es\/contacto\/","title":{"rendered":"Contacto"},"content":{"rendered":"<p>[et_pb_section fb_built=\u00bb1&#8243; _builder_version=\u00bb4.16&#8243; _module_preset=\u00bbdefault\u00bb background_color=\u00bbrgba(17,17,17,0.4)\u00bb background_image=\u00bbhttps:\/\/engtechnik.com\/wp-content\/uploads\/2021\/11\/contacto-engtechnik.jpg\u00bb background_position=\u00bbtop_center\u00bb background_blend=\u00bbmultiply\u00bb custom_padding=\u00bb3%||3%||true|false\u00bb global_colors_info=\u00bb{}\u00bb][et_pb_row column_structure=\u00bb1_2,1_2&#8243; _builder_version=\u00bb4.16&#8243; _module_preset=\u00bbdefault\u00bb global_colors_info=\u00bb{}\u00bb][et_pb_column type=\u00bb1_2&#8243; _builder_version=\u00bb4.16&#8243; _module_preset=\u00bbdefault\u00bb global_colors_info=\u00bb{}\u00bb][et_pb_text _builder_version=\u00bb4.16&#8243; _module_preset=\u00bbdefault\u00bb header_font=\u00bb|||on|||||\u00bb header_text_align=\u00bbleft\u00bb header_text_color=\u00bb#FFFFFF\u00bb custom_padding=\u00bb||0px|||\u00bb global_colors_info=\u00bb{}\u00bb]<\/p>\n<h1>Contacto<\/h1>\n<p>[\/et_pb_text][et_pb_text _builder_version=\u00bb4.16&#8243; text_font=\u00bb||||||||\u00bb text_line_height=\u00bb1.8em\u00bb background_layout=\u00bbdark\u00bb custom_margin=\u00bb-29px|||||\u00bb text_font_size_tablet=\u00bb15px\u00bb text_font_size_last_edited=\u00bboff|desktop\u00bb global_colors_info=\u00bb{}\u00bb]<\/p>\n<p>Si deseas recibir mayor informaci\u00f3n sobre nuestros productos o servicios, favor de enviarnos un mensaje llenando el formato siguiente.<\/p>\n<p>No compartiremos su informaci\u00f3n con ninguna organizaci\u00f3n.<\/p>\n<p>En caso de que lo prefiera puede contactarnos llamando por tel\u00e9fono al:<\/p>\n<p>[\/et_pb_text][et_pb_code _builder_version=\u00bb4.16&#8243; _module_preset=\u00bbdefault\u00bb background_color=\u00bb#FFFFFF\u00bb max_width=\u00bb600px\u00bb custom_padding=\u00bb20px|20px|10px|20px|false|true\u00bb border_radii=\u00bbon|3px|3px|3px|3px\u00bb global_colors_info=\u00bb{}\u00bb]<pee><div class=\"forminator-ui forminator-custom-form forminator-custom-form-437 forminator-design--flat  forminator_ajax\" data-forminator-render=\"0\" data-form=\"forminator-module-437\" data-uid=\"69fb40f6094e7\"><br\/><\/div><form\n\t\t\t\tid=\"forminator-module-437\"\n\t\t\t\tclass=\"forminator-ui forminator-custom-form forminator-custom-form-437 forminator-design--flat  forminator_ajax\"\n\t\t\t\tmethod=\"post\"\n\t\t\t\tdata-forminator-render=\"0\"\n\t\t\t\tdata-form-id=\"437\"\n\t\t\t\t data-color-option=\"default\" data-design=\"flat\" data-grid=\"open\" style=\"display: none;\"\n\t\t\t\tdata-uid=\"69fb40f6094e7\"\n\t\t\t><div role=\"alert\" aria-live=\"polite\" class=\"forminator-response-message forminator-error\" aria-hidden=\"true\"><\/div><div class=\"forminator-row\"><div id=\"name-1\" class=\"forminator-field-name forminator-col forminator-col-12 \"><div class=\"forminator-field\"><label for=\"forminator-field-name-1_69fb40f6094e7\" id=\"forminator-field-name-1_69fb40f6094e7-label\" class=\"forminator-label\">Nombre <span class=\"forminator-required\">*<\/span><\/label><input type=\"text\" name=\"name-1\" value=\"\" placeholder=\"Ejem. Juan\" id=\"forminator-field-name-1_69fb40f6094e7\" class=\"forminator-input forminator-name--field\" aria-required=\"true\" autocomplete=\"name\" \/><\/div><\/div><\/div><div class=\"forminator-row\"><div id=\"email-1\" class=\"forminator-field-email forminator-col forminator-col-12 \"><div class=\"forminator-field\"><label for=\"forminator-field-email-1_69fb40f6094e7\" id=\"forminator-field-email-1_69fb40f6094e7-label\" class=\"forminator-label\">Email <span class=\"forminator-required\">*<\/span><\/label><input type=\"email\" name=\"email-1\" value=\"\" placeholder=\"Ejemplo. juan@perez.com\" id=\"forminator-field-email-1_69fb40f6094e7\" class=\"forminator-input forminator-email--field\" data-required=\"true\" aria-required=\"true\" autocomplete=\"email\" \/><\/div><\/div><\/div><div class=\"forminator-row\"><div id=\"phone-1\" class=\"forminator-field-phone forminator-col forminator-col-12 \"><div class=\"forminator-field\"><label for=\"forminator-field-phone-1_69fb40f6094e7\" id=\"forminator-field-phone-1_69fb40f6094e7-label\" class=\"forminator-label\">Tel\u00e9fono <span class=\"forminator-required\">*<\/span><\/label><input type=\"text\" name=\"phone-1\" value=\"\" placeholder=\"Ejem. +52 477-123-4567\" id=\"forminator-field-phone-1_69fb40f6094e7\" class=\"forminator-input forminator-field--phone\" data-required=\"1\" aria-required=\"true\" autocomplete=\"off\" maxlength=\"15\" data-validation=\"character_limit\" \/><span id=\"forminator-field-phone-1_69fb40f6094e7-description\" class=\"forminator-description\" id=\"forminator-field-phone-1_69fb40f6094e7-description\"><span data-limit=\"15\" data-type=\"\">0 \/ 15<\/span><\/span><\/div><\/div><\/div><div class=\"forminator-row\"><div id=\"text-1\" class=\"forminator-field-text forminator-col forminator-col-12 \"><div class=\"forminator-field\"><label for=\"forminator-field-text-1_69fb40f6094e7\" id=\"forminator-field-text-1_69fb40f6094e7-label\" class=\"forminator-label\">Empresa<\/label><input type=\"text\" name=\"text-1\" value=\"\" placeholder=\"Ejem. Tu empresa SA de CV\" id=\"forminator-field-text-1_69fb40f6094e7\" class=\"forminator-input forminator-name--field\" data-required=\"\" \/><\/div><\/div><\/div><div class=\"forminator-row\"><div id=\"textarea-1\" class=\"forminator-field-textarea forminator-col forminator-col-12 \"><div class=\"forminator-field\"><label for=\"forminator-field-textarea-1_69fb40f6094e7\" id=\"forminator-field-textarea-1_69fb40f6094e7-label\" class=\"forminator-label\">Mensaje <span class=\"forminator-required\">*<\/span><\/label><textarea name=\"textarea-1\" placeholder=\"Deja aqu\u00ed tu mensaje...\" id=\"forminator-field-textarea-1_69fb40f6094e7\" class=\"forminator-textarea\" rows=\"6\" style=\"min-height:140px;\" maxlength=\"260\" ><\/textarea><span id=\"forminator-field-textarea-1_69fb40f6094e7-description\" class=\"forminator-description\"><span data-limit=\"260\" data-type=\"characters\" data-editor=\"\">0 \/ 260<\/span><\/span><\/div><\/div><\/div><div class=\"forminator-row\"><div id=\"consent-1\" class=\"forminator-field-consent forminator-col forminator-col-12 \"><div class=\"forminator-field\"><div class=\"forminator-checkbox__wrapper\"><label id=\"forminator-field-consent-1_69fb40f6094e7__label\" class=\"forminator-checkbox forminator-consent\" aria-labelledby=\"forminator-field-consent-1_69fb40f6094e7-label\"><input type=\"checkbox\" name=\"consent-1\" id=\"forminator-field-consent-1_69fb40f6094e7\" value=\"checked\" aria-labelledby=\"forminator-field-consent-1_69fb40f6094e7-label\" aria-describedby=\"forminator-field-consent-1_69fb40f6094e7__description\" data-required=\"true\" aria-required=\"true\" \/><span class=\"forminator-checkbox-box\" aria-hidden=\"true\"><\/span><\/label><div id=\"forminator-field-consent-1_69fb40f6094e7__description\" class=\"forminator-checkbox__label forminator-consent__label\"><p>Si, estoy de acuerdo con el <a href=\"\/es\/aviso-de-privacidad\/\" target=\"_blank\" rel=\"noopener\">Aviso de privacidad<\/a>.<\/p><\/div><\/div><\/div><\/div><\/div><div class=\"forminator-row\"><div id=\"captcha-1\" class=\"forminator-field-captcha forminator-col forminator-col-12 \"><div class=\"forminator-captcha-left forminator-g-recaptcha\" data-theme=\"light\"  data-sitekey=\"6LekuPslAAAAAGpig_h2gUiChtgU072XjUNnXQ1p\" data-size=\"normal\"><\/div> <\/div><\/div><input type=\"hidden\" name=\"referer_url\" value=\"\" \/><div class=\"forminator-row forminator-row-last\"><div class=\"forminator-col\"><div class=\"forminator-field\"><button class=\"forminator-button forminator-button-submit\">Enviar mensaje<\/button><\/div><\/div><\/div><input type=\"hidden\" id=\"forminator_nonce\" name=\"forminator_nonce\" value=\"2c6da19cf9\" \/><input type=\"hidden\" name=\"_wp_http_referer\" value=\"\/es\/wp-json\/wp\/v2\/pages\/378\" \/><input type=\"hidden\" name=\"form_id\" value=\"437\"><input type=\"hidden\" name=\"page_id\" value=\"378\"><input type=\"hidden\" name=\"form_type\" value=\"default\"><input type=\"hidden\" name=\"current_url\" value=\"https:\/\/engtechnik.com\/es\/contacto\/\"><input type=\"hidden\" name=\"render_id\" value=\"0\"><input type=\"hidden\" name=\"action\" value=\"forminator_submit_form_custom-forms\"><label for=\"input_7\" class=\"forminator-hidden\" aria-hidden=\"true\">Por favor, no rellenes este campo. <input id=\"input_7\" type=\"text\" name=\"input_7\" value=\"\" autocomplete=\"off\"><\/label><\/form><\/pee>[\/et_pb_code][\/et_pb_column][et_pb_column type=\u00bb1_2&#8243; _builder_version=\u00bb4.16&#8243; _module_preset=\u00bbdefault\u00bb global_colors_info=\u00bb{}\u00bb][\/et_pb_column][\/et_pb_row][\/et_pb_section][et_pb_section fb_built=\u00bb1&#8243; admin_label=\u00bbContact\u00bb _builder_version=\u00bb4.16&#8243; custom_padding=\u00bb||38px|||\u00bb global_colors_info=\u00bb{}\u00bb][et_pb_row column_structure=\u00bb1_3,1_3,1_3&#8243; make_equal=\u00bbon\u00bb _builder_version=\u00bb4.16&#8243; z_index=\u00bb10&#8243; custom_margin=\u00bb-140px||||false|false\u00bb custom_margin_tablet=\u00bb0px||||false|false\u00bb custom_margin_phone=\u00bb\u00bb custom_margin_last_edited=\u00bbon|tablet\u00bb global_colors_info=\u00bb{}\u00bb][et_pb_column type=\u00bb1_3&#8243; _builder_version=\u00bb4.16&#8243; background_color=\u00bb#009A00&#8243; custom_padding=\u00bb30px|30px|30px|30px|true|true\u00bb border_radii=\u00bbon|7px|7px|7px|7px\u00bb box_shadow_style=\u00bbpreset3&#8243; box_shadow_horizontal=\u00bb-8px\u00bb box_shadow_blur=\u00bb44px\u00bb box_shadow_spread=\u00bb-26px\u00bb box_shadow_color=\u00bb#969C9C\u00bb global_colors_info=\u00bb{}\u00bb][et_pb_blurb title=\u00bbCorporativo\u00bb use_icon=\u00bbon\u00bb font_icon=\u00bb&#xe01d;||divi||400&#8243; icon_color=\u00bb#FFFFFF\u00bb image_icon_width=\u00bb54px\u00bb _builder_version=\u00bb4.27.4&#8243; header_font=\u00bb|600|||||||\u00bb header_text_color=\u00bb#ffffff\u00bb header_font_size=\u00bb25px\u00bb header_line_height=\u00bb1.7em\u00bb body_font=\u00bb||||||||\u00bb body_text_color=\u00bb#ffffff\u00bb body_link_font=\u00bb|700|||||||\u00bb body_link_text_color=\u00bb#FFFFFF\u00bb text_orientation=\u00bbcenter\u00bb animation=\u00bboff\u00bb hover_enabled=\u00bb0&#8243; icon_font_size=\u00bb54px\u00bb locked=\u00bboff\u00bb global_colors_info=\u00bb{}\u00bb sticky_enabled=\u00bb0&#8243;]<\/p>\n<p><strong>Michigan<\/strong><br \/>40615 Koppernick RD Unit 2<br \/>Canton, MI 48187<br \/>Tel: 734 667 4237<br \/>Fax: 734 667 4280<\/p>\n<p>[\/et_pb_blurb][\/et_pb_column][et_pb_column type=\u00bb1_3&#8243; _builder_version=\u00bb4.16&#8243; background_color=\u00bb#009A00&#8243; custom_padding=\u00bb30px|30px|30px|30px|true|true\u00bb border_radii=\u00bbon|7px|7px|7px|7px\u00bb box_shadow_style=\u00bbpreset3&#8243; box_shadow_horizontal=\u00bb-8px\u00bb box_shadow_blur=\u00bb44px\u00bb box_shadow_spread=\u00bb-26px\u00bb box_shadow_color=\u00bb#969C9C\u00bb global_colors_info=\u00bb{}\u00bb][et_pb_blurb title=\u00bbEmail\u00bb use_icon=\u00bbon\u00bb font_icon=\u00bb&#xe010;||divi||400&#8243; icon_color=\u00bb#FFFFFF\u00bb image_icon_width=\u00bb54px\u00bb _builder_version=\u00bb4.16&#8243; header_font=\u00bb|600|||||||\u00bb header_text_color=\u00bb#ffffff\u00bb header_font_size=\u00bb25px\u00bb header_line_height=\u00bb1.7em\u00bb body_font=\u00bb||||||||\u00bb body_text_color=\u00bb#ffffff\u00bb body_link_font=\u00bb|700|||||||\u00bb body_link_text_color=\u00bb#FFFFFF\u00bb text_orientation=\u00bbcenter\u00bb animation=\u00bboff\u00bb icon_font_size=\u00bb54px\u00bb locked=\u00bboff\u00bb global_colors_info=\u00bb{}\u00bb]<\/p>\n<p>Para soporte t\u00e9cnico:<br \/><a href=\"mailto:info@engtechnik.com\">info@engtechnik.com<\/a><\/p>\n<p>Para cotizaciones y ventas:<br \/><a href=\"mailto:sales@engtechnik.com\">sales@engtechnik.com<\/a><\/p>\n<p>[\/et_pb_blurb][\/et_pb_column][et_pb_column type=\u00bb1_3&#8243; _builder_version=\u00bb4.16&#8243; background_color=\u00bb#009A00&#8243; custom_padding=\u00bb30px|30px|30px|30px|true|true\u00bb border_radii=\u00bbon|7px|7px|7px|7px\u00bb box_shadow_style=\u00bbpreset3&#8243; box_shadow_horizontal=\u00bb-8px\u00bb box_shadow_blur=\u00bb44px\u00bb box_shadow_spread=\u00bb-26px\u00bb box_shadow_color=\u00bb#969C9C\u00bb global_colors_info=\u00bb{}\u00bb][et_pb_blurb title=\u00bbLl\u00e1manos\u00bb use_icon=\u00bbon\u00bb font_icon=\u00bb&#xe090;||divi||400&#8243; icon_color=\u00bb#FFFFFF\u00bb image_icon_width=\u00bb54px\u00bb _builder_version=\u00bb4.16&#8243; header_font=\u00bb|600|||||||\u00bb header_text_color=\u00bb#ffffff\u00bb header_font_size=\u00bb25px\u00bb header_line_height=\u00bb1.7em\u00bb body_font=\u00bb||||||||\u00bb body_text_color=\u00bb#ffffff\u00bb body_link_font=\u00bb|700|||||||\u00bb body_link_text_color=\u00bb#FFFFFF\u00bb text_orientation=\u00bbcenter\u00bb animation=\u00bboff\u00bb icon_font_size=\u00bb54px\u00bb global_colors_info=\u00bb{}\u00bb]<\/p>\n<p>USA: <a href=\"tel:+14123203908\">+1 (412) 320-3908<\/a><\/p>\n<p>MEX: <a href=\"tel:+524772116040\">+52.477.211.6040<\/a><\/p>\n<p>[\/et_pb_blurb][\/et_pb_column][\/et_pb_row][\/et_pb_section][et_pb_section fb_built=\u00bb1&#8243; _builder_version=\u00bb4.16&#8243; _module_preset=\u00bbdefault\u00bb custom_padding=\u00bb10px|||||\u00bb global_colors_info=\u00bb{}\u00bb][et_pb_row _builder_version=\u00bb4.16&#8243; _module_preset=\u00bbdefault\u00bb global_colors_info=\u00bb{}\u00bb][et_pb_column type=\u00bb4_4&#8243; _builder_version=\u00bb4.16&#8243; _module_preset=\u00bbdefault\u00bb global_colors_info=\u00bb{}\u00bb][et_pb_text _builder_version=\u00bb4.16&#8243; _module_preset=\u00bb6e252fbe-7a1d-42b7-864c-69bb83dfca26&#8243; global_colors_info=\u00bb{}\u00bb]<\/p>\n<h2>Ubicaciones<\/h2>\n<p>[\/et_pb_text][et_pb_divider color=\u00bb#EF7823&#8243; divider_position=\u00bbcenter\u00bb divider_weight=\u00bb6px\u00bb _builder_version=\u00bb4.16&#8243; _module_preset=\u00bbdefault\u00bb width=\u00bb90px\u00bb module_alignment=\u00bbleft\u00bb custom_margin=\u00bb||8px|||\u00bb locked=\u00bboff\u00bb global_colors_info=\u00bb{}\u00bb][\/et_pb_divider][\/et_pb_column][\/et_pb_row][et_pb_row column_structure=\u00bb1_2,1_2&#8243; _builder_version=\u00bb4.16&#8243; _module_preset=\u00bbdefault\u00bb custom_padding=\u00bb0px||||false|false\u00bb global_colors_info=\u00bb{}\u00bb][et_pb_column type=\u00bb1_2&#8243; _builder_version=\u00bb4.16&#8243; _module_preset=\u00bbdefault\u00bb global_colors_info=\u00bb{}\u00bb][et_pb_text _builder_version=\u00bb4.16&#8243; _module_preset=\u00bbdefault\u00bb header_3_font=\u00bb|600|||||||\u00bb header_3_font_size=\u00bb1.5rem\u00bb custom_margin=\u00bb||3px|||\u00bb global_colors_info=\u00bb{}\u00bb]<\/p>\n<h3>EUA<\/h3>\n<p>[\/et_pb_text][et_pb_text _builder_version=\u00bb4.27.4&#8243; _module_preset=\u00bbdefault\u00bb hover_enabled=\u00bb0&#8243; global_colors_info=\u00bb{}\u00bb sticky_enabled=\u00bb0&#8243;]<\/p>\n<p><strong>Michigan (Corporativo)<br \/><\/strong>40615 Koppernick RD Unit 2<br \/>Canton, MI 48187<br \/>Tel: 734 667 4237<br \/>Fax: 734 667 4280<\/p>\n<p>[\/et_pb_text][et_pb_text _builder_version=\u00bb4.16&#8243; _module_preset=\u00bbdefault\u00bb global_colors_info=\u00bb{}\u00bb]<\/p>\n<p><b>Georgia<br \/><\/b>300 Colonial Center Parkway<br \/>STE 100N<br \/>Roswell, GA 30076<br \/>Tel: (470) 588 8861<\/p>\n<p>[\/et_pb_text][\/et_pb_column][et_pb_column type=\u00bb1_2&#8243; _builder_version=\u00bb4.16&#8243; _module_preset=\u00bbdefault\u00bb global_colors_info=\u00bb{}\u00bb][et_pb_text _builder_version=\u00bb4.16&#8243; _module_preset=\u00bbdefault\u00bb header_3_font=\u00bb|600|||||||\u00bb header_3_font_size=\u00bb1.5rem\u00bb custom_margin=\u00bb||3px|||\u00bb global_colors_info=\u00bb{}\u00bb]<\/p>\n<h3>M\u00e9xico<\/h3>\n<p>[\/et_pb_text][et_pb_text _builder_version=\u00bb4.16&#8243; _module_preset=\u00bbdefault\u00bb global_colors_info=\u00bb{}\u00bb]<\/p>\n<p><strong>Le\u00f3n, Guanajuato<\/strong><br \/>Paseo de los Insurgentes 304-20<br \/>C.P.37160<br \/>Tel: +52-477-211-6040<br \/>Leon, Guanajuato, Mexico<\/p>\n<p>[\/et_pb_text][\/et_pb_column][\/et_pb_row][\/et_pb_section]<\/p>\n","protected":false},"excerpt":{"rendered":"<p>ContactoSi deseas recibir mayor informaci\u00f3n sobre nuestros productos o servicios, favor de enviarnos un mensaje llenando el formato siguiente. No compartiremos su informaci\u00f3n con ninguna organizaci\u00f3n. En caso de que lo prefiera puede contactarnos llamando por tel\u00e9fono al:<div class=\"forminator-ui forminator-custom-form forminator-custom-form-437 forminator-design--flat  forminator_ajax\" data-forminator-render=\"1\" data-form=\"forminator-module-437\" data-uid=\"69fb40f6cb370\"><br\/><\/div><form\n\t\t\t\tid=\"forminator-module-437\"\n\t\t\t\tclass=\"forminator-ui forminator-custom-form forminator-custom-form-437 forminator-design--flat  forminator_ajax\"\n\t\t\t\tmethod=\"post\"\n\t\t\t\tdata-forminator-render=\"1\"\n\t\t\t\tdata-form-id=\"437\"\n\t\t\t\t data-color-option=\"default\" data-design=\"flat\" data-grid=\"open\" style=\"display: none;\"\n\t\t\t\tdata-uid=\"69fb40f6cb370\"\n\t\t\t><div role=\"alert\" aria-live=\"polite\" class=\"forminator-response-message forminator-error\" aria-hidden=\"true\"><\/div><div class=\"forminator-row\"><div id=\"name-1\" class=\"forminator-field-name forminator-col forminator-col-12 \"><div class=\"forminator-field\"><label for=\"forminator-field-name-1_69fb40f6cb370\" id=\"forminator-field-name-1_69fb40f6cb370-label\" class=\"forminator-label\">Nombre <span class=\"forminator-required\">*<\/span><\/label><input type=\"text\" name=\"name-1\" value=\"\" placeholder=\"Ejem. Juan\" id=\"forminator-field-name-1_69fb40f6cb370\" class=\"forminator-input forminator-name--field\" aria-required=\"true\" autocomplete=\"name\" \/><\/div><\/div><\/div><div class=\"forminator-row\"><div id=\"email-1\" class=\"forminator-field-email forminator-col forminator-col-12 \"><div class=\"forminator-field\"><label for=\"forminator-field-email-1_69fb40f6cb370\" id=\"forminator-field-email-1_69fb40f6cb370-label\" class=\"forminator-label\">Email <span class=\"forminator-required\">*<\/span><\/label><input type=\"email\" name=\"email-1\" value=\"\" placeholder=\"Ejemplo. juan@perez.com\" id=\"forminator-field-email-1_69fb40f6cb370\" class=\"forminator-input forminator-email--field\" data-required=\"true\" aria-required=\"true\" autocomplete=\"email\" \/><\/div><\/div><\/div><div class=\"forminator-row\"><div id=\"phone-1\" class=\"forminator-field-phone forminator-col forminator-col-12 \"><div class=\"forminator-field\"><label for=\"forminator-field-phone-1_69fb40f6cb370\" id=\"forminator-field-phone-1_69fb40f6cb370-label\" class=\"forminator-label\">Tel\u00e9fono <span class=\"forminator-required\">*<\/span><\/label><input type=\"text\" name=\"phone-1\" value=\"\" placeholder=\"Ejem. +52 477-123-4567\" id=\"forminator-field-phone-1_69fb40f6cb370\" class=\"forminator-input forminator-field--phone\" data-required=\"1\" aria-required=\"true\" autocomplete=\"off\" maxlength=\"15\" data-validation=\"character_limit\" \/><span id=\"forminator-field-phone-1_69fb40f6cb370-description\" class=\"forminator-description\" id=\"forminator-field-phone-1_69fb40f6cb370-description\"><span data-limit=\"15\" data-type=\"\">0 \/ 15<\/span><\/span><\/div><\/div><\/div><div class=\"forminator-row\"><div id=\"text-1\" class=\"forminator-field-text forminator-col forminator-col-12 \"><div class=\"forminator-field\"><label for=\"forminator-field-text-1_69fb40f6cb370\" id=\"forminator-field-text-1_69fb40f6cb370-label\" class=\"forminator-label\">Empresa<\/label><input type=\"text\" name=\"text-1\" value=\"\" placeholder=\"Ejem. Tu empresa SA de CV\" id=\"forminator-field-text-1_69fb40f6cb370\" class=\"forminator-input forminator-name--field\" data-required=\"\" \/><\/div><\/div><\/div><div class=\"forminator-row\"><div id=\"textarea-1\" class=\"forminator-field-textarea forminator-col forminator-col-12 \"><div class=\"forminator-field\"><label for=\"forminator-field-textarea-1_69fb40f6cb370\" id=\"forminator-field-textarea-1_69fb40f6cb370-label\" class=\"forminator-label\">Mensaje <span class=\"forminator-required\">*<\/span><\/label><textarea name=\"textarea-1\" placeholder=\"Deja aqu\u00ed tu mensaje...\" id=\"forminator-field-textarea-1_69fb40f6cb370\" class=\"forminator-textarea\" rows=\"6\" style=\"min-height:140px;\" maxlength=\"260\" ><\/textarea><span id=\"forminator-field-textarea-1_69fb40f6cb370-description\" class=\"forminator-description\"><span data-limit=\"260\" data-type=\"characters\" data-editor=\"\">0 \/ 260<\/span><\/span><\/div><\/div><\/div><div class=\"forminator-row\"><div id=\"consent-1\" class=\"forminator-field-consent forminator-col forminator-col-12 \"><div class=\"forminator-field\"><div class=\"forminator-checkbox__wrapper\"><label id=\"forminator-field-consent-1_69fb40f6cb370__label\" class=\"forminator-checkbox forminator-consent\" aria-labelledby=\"forminator-field-consent-1_69fb40f6cb370-label\"><input type=\"checkbox\" name=\"consent-1\" id=\"forminator-field-consent-1_69fb40f6cb370\" value=\"checked\" aria-labelledby=\"forminator-field-consent-1_69fb40f6cb370-label\" aria-describedby=\"forminator-field-consent-1_69fb40f6cb370__description\" data-required=\"true\" aria-required=\"true\" \/><span class=\"forminator-checkbox-box\" aria-hidden=\"true\"><\/span><\/label><div id=\"forminator-field-consent-1_69fb40f6cb370__description\" class=\"forminator-checkbox__label forminator-consent__label\"><p>Si, estoy de acuerdo con el <a href=\"\/es\/aviso-de-privacidad\/\" target=\"_blank\" rel=\"noopener\">Aviso de privacidad<\/a>.<\/p><\/div><\/div><\/div><\/div><\/div><div class=\"forminator-row\"><div id=\"captcha-1\" class=\"forminator-field-captcha forminator-col forminator-col-12 \"><div class=\"forminator-captcha-left forminator-g-recaptcha\" data-theme=\"light\"  data-sitekey=\"6LekuPslAAAAAGpig_h2gUiChtgU072XjUNnXQ1p\" data-size=\"normal\"><\/div> <\/div><\/div><input type=\"hidden\" name=\"referer_url\" value=\"\" \/><div class=\"forminator-row forminator-row-last\"><div class=\"forminator-col\"><div class=\"forminator-field\"><button class=\"forminator-button forminator-button-submit\">Enviar mensaje<\/button><\/div><\/div><\/div><input type=\"hidden\" id=\"forminator_nonce\" name=\"forminator_nonce\" value=\"2c6da19cf9\" \/><input type=\"hidden\" name=\"_wp_http_referer\" value=\"\/es\/wp-json\/wp\/v2\/pages\/378\" \/><input type=\"hidden\" name=\"form_id\" value=\"437\"><input type=\"hidden\" name=\"page_id\" value=\"378\"><input type=\"hidden\" name=\"form_type\" value=\"default\"><input type=\"hidden\" name=\"current_url\" value=\"https:\/\/engtechnik.com\/es\/contacto\/\"><input type=\"hidden\" name=\"render_id\" value=\"1\"><input type=\"hidden\" name=\"action\" value=\"forminator_submit_form_custom-forms\"><label for=\"input_7\" class=\"forminator-hidden\" aria-hidden=\"true\">Por favor, no rellenes este campo. <input id=\"input_7\" type=\"text\" name=\"input_7\" value=\"\" autocomplete=\"off\"><\/label><label for=\"input_7\" class=\"forminator-hidden\" aria-hidden=\"true\">Por favor, no rellenes este campo. <input id=\"input_7\" type=\"text\" name=\"input_7\" value=\"\" autocomplete=\"off\"><\/label><\/form>Michigan40615 Koppernick RD Unit 2Canton, MI 48187Tel: 734 667 4237Fax: 734 667 4280Para soporte t\u00e9cnico:info@engtechnik.com Para cotizaciones [&hellip;]<\/p>\n","protected":false},"author":1,"featured_media":278,"parent":0,"menu_order":0,"comment_status":"closed","ping_status":"closed","template":"","meta":{"_acf_changed":false,"_et_pb_use_builder":"on","_et_pb_old_content":"","_et_gb_content_width":"","footnotes":""},"class_list":["post-378","page","type-page","status-publish","has-post-thumbnail","hentry"],"acf":[],"_links":{"self":[{"href":"https:\/\/engtechnik.com\/es\/wp-json\/wp\/v2\/pages\/378","targetHints":{"allow":["GET"]}}],"collection":[{"href":"https:\/\/engtechnik.com\/es\/wp-json\/wp\/v2\/pages"}],"about":[{"href":"https:\/\/engtechnik.com\/es\/wp-json\/wp\/v2\/types\/page"}],"author":[{"embeddable":true,"href":"https:\/\/engtechnik.com\/es\/wp-json\/wp\/v2\/users\/1"}],"replies":[{"embeddable":true,"href":"https:\/\/engtechnik.com\/es\/wp-json\/wp\/v2\/comments?post=378"}],"version-history":[{"count":6,"href":"https:\/\/engtechnik.com\/es\/wp-json\/wp\/v2\/pages\/378\/revisions"}],"predecessor-version":[{"id":1495,"href":"https:\/\/engtechnik.com\/es\/wp-json\/wp\/v2\/pages\/378\/revisions\/1495"}],"wp:featuredmedia":[{"embeddable":true,"href":"https:\/\/engtechnik.com\/es\/wp-json\/wp\/v2\/media\/278"}],"wp:attachment":[{"href":"https:\/\/engtechnik.com\/es\/wp-json\/wp\/v2\/media?parent=378"}],"curies":[{"name":"wp","href":"https:\/\/api.w.org\/{rel}","templated":true}]}}