{"id":373,"date":"2021-11-05T16:02:42","date_gmt":"2021-11-05T20:02:42","guid":{"rendered":"https:\/\/engtechnik.com\/quienes-somos\/"},"modified":"2021-11-10T13:01:48","modified_gmt":"2021-11-10T18:01:48","slug":"quienes-somos-automatizacion-de-maquinaria","status":"publish","type":"page","link":"https:\/\/engtechnik.com\/es\/quienes-somos-automatizacion-de-maquinaria\/","title":{"rendered":"Quienes somos"},"content":{"rendered":"<p>[et_pb_section fb_built=\u00bb1&#8243; custom_padding_last_edited=\u00bboff|desktop\u00bb _builder_version=\u00bb4.12.0&#8243; _module_preset=\u00bbdefault\u00bb background_color=\u00bbrgba(17,17,17,0.4)\u00bb background_image=\u00bbhttps:\/\/engtechnik.com\/wp-content\/uploads\/2021\/11\/conveyors.jpg\u00bb background_blend=\u00bbmultiply\u00bb custom_padding=\u00bb3%||3%||true|false\u00bb custom_padding_phone=\u00bb3%||3%||true|false\u00bb global_colors_info=\u00bb{}\u00bb][et_pb_row _builder_version=\u00bb4.12.0&#8243; _module_preset=\u00bbdefault\u00bb global_colors_info=\u00bb{}\u00bb][et_pb_column type=\u00bb4_4&#8243; _builder_version=\u00bb4.12.0&#8243; _module_preset=\u00bbdefault\u00bb global_colors_info=\u00bb{}\u00bb][et_pb_text _builder_version=\u00bb4.12.0&#8243; _module_preset=\u00bbdefault\u00bb header_font=\u00bb|||on|||||\u00bb header_text_align=\u00bbleft\u00bb header_text_color=\u00bb#FFFFFF\u00bb global_colors_info=\u00bb{}\u00bb]<\/p>\n<h1>Quienes somos<\/h1>\n<p>[\/et_pb_text][\/et_pb_column][\/et_pb_row][\/et_pb_section][et_pb_section fb_built=\u00bb1&#8243; custom_padding_last_edited=\u00bboff|desktop\u00bb _builder_version=\u00bb4.12.0&#8243; _module_preset=\u00bbdefault\u00bb custom_padding=\u00bb3%||3%||true|false\u00bb custom_padding_phone=\u00bb3%||3%||true|false\u00bb global_colors_info=\u00bb{}\u00bb][et_pb_row _builder_version=\u00bb4.12.0&#8243; _module_preset=\u00bbdefault\u00bb global_colors_info=\u00bb{}\u00bb][et_pb_column type=\u00bb4_4&#8243; _builder_version=\u00bb4.12.0&#8243; _module_preset=\u00bbdefault\u00bb global_colors_info=\u00bb{}\u00bb][et_pb_text _builder_version=\u00bb4.12.0&#8243; _module_preset=\u00bbdefault\u00bb global_colors_info=\u00bb{}\u00bb]<\/p>\n<p>Como proveedor industrial de productos, servicios, dise\u00f1ador, constructor y fabricante de maquinaria. El \u00e1rea de experiencia de Engtechnik es el desarrollo de productos de calidad premium para satisfacer las demandas del m\u00e1s exigente en un mercado globalizado como el que hoy tenemos.<\/p>\n<p>[\/et_pb_text][\/et_pb_column][\/et_pb_row][et_pb_row column_structure=\u00bb1_2,1_2&#8243; _builder_version=\u00bb4.12.0&#8243; _module_preset=\u00bbdefault\u00bb global_colors_info=\u00bb{}\u00bb][et_pb_column type=\u00bb1_2&#8243; _builder_version=\u00bb4.12.0&#8243; _module_preset=\u00bbdefault\u00bb global_colors_info=\u00bb{}\u00bb][et_pb_text _builder_version=\u00bb4.12.0&#8243; _module_preset=\u00bb6e252fbe-7a1d-42b7-864c-69bb83dfca26&#8243; hover_enabled=\u00bb0&#8243; global_colors_info=\u00bb{}\u00bb sticky_enabled=\u00bb0&#8243;]<\/p>\n<h2>Filosof\u00eda<\/h2>\n<p>Hemos operado en el campo de la automatizaci\u00f3n y dise\u00f1o de maquinaria por m\u00e1s de 10 a\u00f1os. Es por ello que al d\u00eda de hoy Engtechnik nos sentimos orgullosos de haber creado una gran variedad de productos que hoy se usan en todo el mundo. en diversos mercados. Para mejorar nuestra competitividad en el mercado, hemos decidido no enfocarnos exclusivamente al manejo de materiales, sino proveer una amplia gama de maquinaria y componentes t\u00e9cnicos para diferentes ramos industriales.<\/p>\n<p>El nuevo reto que enfrentamos en Engtechnik es entrar en el mercado de Sistemas de Gr\u00faas de 3 y 4 ejes creadas con bases mecatr\u00f3nicas.<\/p>\n<p>La flexibilidad, habilidad y tecnolog\u00eda empleadas en Engtechnik nos han convertido en una empresa de vanguardia e innovaci\u00f3n. Esta estrategia nos ha permitido ganar cada reto; estrategia que nos diferencia y nos representa en todo el mundo.<\/p>\n<p>Engtechnik es tambi\u00e9n sin\u00f3nimo de calidad, la cual garantizamos con el uso de innovaci\u00f3n, maquinaria tecnol\u00f3gicamente avanzada y estricto monitoreo en nuestros procesos de control, tanto para componentes como para sistemas terminados.<\/p>\n<p>[\/et_pb_text][\/et_pb_column][et_pb_column type=\u00bb1_2&#8243; _builder_version=\u00bb4.12.0&#8243; _module_preset=\u00bbdefault\u00bb global_colors_info=\u00bb{}\u00bb][et_pb_text module_class=\u00bbengtech-list\u00bb _builder_version=\u00bb4.12.0&#8243; _module_preset=\u00bb6e252fbe-7a1d-42b7-864c-69bb83dfca26&#8243; hover_enabled=\u00bb0&#8243; global_colors_info=\u00bb{}\u00bb sticky_enabled=\u00bb0&#8243; custom_padding=\u00bb||0px||false|false\u00bb custom_margin=\u00bb||0px||false|false\u00bb]<\/p>\n<h2>Visi\u00f3n<\/h2>\n<ul>\n<li>Soluciones Innovadoras<\/li>\n<li>Dise\u00f1os innovadores<\/li>\n<li>Sustentabilidad<\/li>\n<li>Alta Calidad<\/li>\n<li>Pensamiento Global<\/li>\n<\/ul>\n<p>[\/et_pb_text][et_pb_text module_class=\u00bbengtech-list\u00bb _builder_version=\u00bb4.12.0&#8243; _module_preset=\u00bb6e252fbe-7a1d-42b7-864c-69bb83dfca26&#8243; hover_enabled=\u00bb0&#8243; global_colors_info=\u00bb{}\u00bb sticky_enabled=\u00bb0&#8243;]<\/p>\n<h3>Valores<\/h3>\n<ul>\n<li>Enfoque en el cliente<\/li>\n<li>Apertura<\/li>\n<li>Flexibilidad<\/li>\n<li>Voluntad de cambio<\/li>\n<li>Entendimiento del mercado<\/li>\n<li>Compatibilidad y sustentabilidad ambiental<\/li>\n<\/ul>\n<p>[\/et_pb_text][\/et_pb_column][\/et_pb_row][\/et_pb_section][et_pb_section fb_built=\u00bb1&#8243; _builder_version=\u00bb4.12.0&#8243; _module_preset=\u00bbdefault\u00bb background_color=\u00bbrgba(150,156,156,0.16)\u00bb global_colors_info=\u00bb{}\u00bb][et_pb_row column_structure=\u00bb1_4,1_4,1_4,1_4&#8243; use_custom_gutter=\u00bbon\u00bb gutter_width=\u00bb2&#8243; _builder_version=\u00bb4.12.0&#8243; _module_preset=\u00bbdefault\u00bb global_colors_info=\u00bb{}\u00bb][et_pb_column type=\u00bb1_4&#8243; _builder_version=\u00bb4.12.0&#8243; _module_preset=\u00bbdefault\u00bb global_colors_info=\u00bb{}\u00bb][et_pb_text module_class=\u00bbengtech-list\u00bb _builder_version=\u00bb4.12.0&#8243; _module_preset=\u00bbdefault\u00bb header_3_font=\u00bb|600|||||||\u00bb header_3_font_size=\u00bb1.5rem\u00bb hover_enabled=\u00bb0&#8243; global_colors_info=\u00bb{}\u00bb header_3_text_color=\u00bb#EF7823&#8243; sticky_enabled=\u00bb0&#8243;]<\/p>\n<h3>Profesionalismo<\/h3>\n<ul>\n<li>Experiencia<\/li>\n<li>Trabajo en Equipo<\/li>\n<li>Administraci\u00f3n<\/li>\n<li>Capacidad de innovaci\u00f3n<\/li>\n<li>Soluci\u00f3n de conflictos<\/li>\n<\/ul>\n<p>[\/et_pb_text][\/et_pb_column][et_pb_column type=\u00bb1_4&#8243; _builder_version=\u00bb4.12.0&#8243; _module_preset=\u00bbdefault\u00bb global_colors_info=\u00bb{}\u00bb][et_pb_text module_class=\u00bbengtech-list\u00bb _builder_version=\u00bb4.12.0&#8243; _module_preset=\u00bbdefault\u00bb header_3_font=\u00bb|600|||||||\u00bb header_3_font_size=\u00bb1.5rem\u00bb hover_enabled=\u00bb0&#8243; global_colors_info=\u00bb{}\u00bb header_3_text_color=\u00bb#EF7823&#8243; sticky_enabled=\u00bb0&#8243;]<\/p>\n<h3>Motivaci\u00f3n<\/h3>\n<ul>\n<li>Soluci\u00f3n optimizada<\/li>\n<li>Compromiso personal<\/li>\n<li>Profesionalismo<\/li>\n<li>Cuidado en el detalle<\/li>\n<li>Entusiasmo<\/li>\n<li>Pasi\u00f3n por el \u00e9xito y el cambio<\/li>\n<\/ul>\n<p>[\/et_pb_text][\/et_pb_column][et_pb_column type=\u00bb1_4&#8243; _builder_version=\u00bb4.12.0&#8243; _module_preset=\u00bbdefault\u00bb global_colors_info=\u00bb{}\u00bb][et_pb_text module_class=\u00bbengtech-list\u00bb _builder_version=\u00bb4.12.0&#8243; _module_preset=\u00bbdefault\u00bb header_3_font=\u00bb|600|||||||\u00bb header_3_font_size=\u00bb1.5rem\u00bb hover_enabled=\u00bb0&#8243; global_colors_info=\u00bb{}\u00bb header_3_text_color=\u00bb#EF7823&#8243; sticky_enabled=\u00bb0&#8243;]<\/p>\n<h3>Integridad<\/h3>\n<ul>\n<li>Confiabilidad<\/li>\n<li>Honestidad<\/li>\n<li>Entendemos la importancia<\/li>\n<li>Justicia<\/li>\n<li>Lealtad<\/li>\n<\/ul>\n<p>[\/et_pb_text][\/et_pb_column][et_pb_column type=\u00bb1_4&#8243; _builder_version=\u00bb4.12.0&#8243; _module_preset=\u00bbdefault\u00bb global_colors_info=\u00bb{}\u00bb][et_pb_text module_class=\u00bbengtech-list\u00bb _builder_version=\u00bb4.12.0&#8243; _module_preset=\u00bbdefault\u00bb header_3_font=\u00bb|600|||||||\u00bb header_3_font_size=\u00bb1.5rem\u00bb hover_enabled=\u00bb0&#8243; global_colors_info=\u00bb{}\u00bb header_3_text_color=\u00bb#EF7823&#8243; sticky_enabled=\u00bb0&#8243;]<\/p>\n<h3>Responsabilidad Personal<\/h3>\n<ul>\n<li>Tomamos responsabilidad<\/li>\n<li>Iniciativa propia<\/li>\n<li>Pensamiento emprendedor<\/li>\n<li>Orientados a la eficiencia<\/li>\n<\/ul>\n<p>[\/et_pb_text][\/et_pb_column][\/et_pb_row][\/et_pb_section][et_pb_section fb_built=\u00bb1&#8243; _builder_version=\u00bb4.12.0&#8243; _module_preset=\u00bbdefault\u00bb global_colors_info=\u00bb{}\u00bb][et_pb_row column_structure=\u00bb2_5,3_5&#8243; _builder_version=\u00bb4.12.0&#8243; _module_preset=\u00bbdefault\u00bb global_colors_info=\u00bb{}\u00bb][et_pb_column type=\u00bb2_5&#8243; _builder_version=\u00bb4.12.0&#8243; _module_preset=\u00bbdefault\u00bb global_colors_info=\u00bb{}\u00bb][et_pb_text _builder_version=\u00bb4.12.0&#8243; _module_preset=\u00bb6e252fbe-7a1d-42b7-864c-69bb83dfca26&#8243; custom_margin=\u00bb||0px||false|false\u00bb custom_padding=\u00bb||||false|false\u00bb hover_enabled=\u00bb0&#8243; global_colors_info=\u00bb{}\u00bb sticky_enabled=\u00bb0&#8243;]<\/p>\n<h2>Fortalezas<\/h2>\n<p>[\/et_pb_text][et_pb_counters bar_bg_color=\u00bb#EF7823&#8243; _builder_version=\u00bb4.12.0&#8243; _module_preset=\u00bbdefault\u00bb title_font=\u00bb|||on|||||\u00bb title_text_align=\u00bbleft\u00bb title_font_size=\u00bb16px\u00bb hover_enabled=\u00bb0&#8243; border_radii=\u00bbon|3px|3px|3px|3px\u00bb global_colors_info=\u00bb{}\u00bb sticky_enabled=\u00bb0&#8243;][et_pb_counter percent=\u00bb100&#8243; _builder_version=\u00bb4.12.0&#8243; _module_preset=\u00bbdefault\u00bb background_enable_video_mp4=\u00bbon\u00bb background_enable_video_webm=\u00bbon\u00bb global_colors_info=\u00bb{}\u00bb background_enable_color_default=\u00bbon\u00bb parallax_default=\u00bboff\u00bb parallax_method_default=\u00bbon\u00bb bar_background_color_default=\u00bb#EF7823&#8243; use_percentages=\u00bbon\u00bb]<\/p>\n<p>Sustentabilidad<\/p>\n<p>[\/et_pb_counter][et_pb_counter percent=\u00bb100&#8243; _builder_version=\u00bb4.12.0&#8243; _module_preset=\u00bbdefault\u00bb background_enable_video_mp4=\u00bbon\u00bb background_enable_video_webm=\u00bbon\u00bb global_colors_info=\u00bb{}\u00bb background_enable_color_default=\u00bbon\u00bb parallax_default=\u00bboff\u00bb parallax_method_default=\u00bbon\u00bb bar_background_color_default=\u00bb#EF7823&#8243; use_percentages=\u00bbon\u00bb]<\/p>\n<p>Calidad<\/p>\n<p>[\/et_pb_counter][et_pb_counter percent=\u00bb100&#8243; _builder_version=\u00bb4.12.0&#8243; _module_preset=\u00bbdefault\u00bb background_enable_video_mp4=\u00bbon\u00bb background_enable_video_webm=\u00bbon\u00bb global_colors_info=\u00bb{}\u00bb background_enable_color_default=\u00bbon\u00bb parallax_default=\u00bboff\u00bb parallax_method_default=\u00bbon\u00bb bar_background_color_default=\u00bb#EF7823&#8243; use_percentages=\u00bbon\u00bb]<\/p>\n<p>Rentabilidad<\/p>\n<p>[\/et_pb_counter][\/et_pb_counters][\/et_pb_column][et_pb_column type=\u00bb3_5&#8243; _builder_version=\u00bb4.12.0&#8243; _module_preset=\u00bbdefault\u00bb global_colors_info=\u00bb{}\u00bb][et_pb_text _builder_version=\u00bb4.12.0&#8243; _module_preset=\u00bb6e252fbe-7a1d-42b7-864c-69bb83dfca26&#8243; hover_enabled=\u00bb0&#8243; global_colors_info=\u00bb{}\u00bb sticky_enabled=\u00bb0&#8243;]<\/p>\n<h2>Sustentabilidad<\/h2>\n<p>Engtechnik ofrece a sus socios, clientes y empleados confianza y seguridad sustentable.<\/p>\n<h2>Calidad<\/h2>\n<p>La calidad, confianza, precisi\u00f3n y seguridad en nuestras soluciones cumplen con los est\u00e1ndares internacionales.<\/p>\n<h2>Rentabilidad<\/h2>\n<p>Contamos con un gran n\u00famero de m\u00e1quinas para realizar exhaustivos proyectos de desarrollo e investigaci\u00f3n. Gracias a \u00e9sto, siempre estamos un paso adelante, ya que constantemente creamos nuevos y mejores productos, sistemas m\u00e1s peque\u00f1os, disminuimos el consumo de energ\u00eda, creamos materiales m\u00e1s durables, damos una vida m\u00e1s larga a nuestros desarrollos y nuevas soluciones.<\/p>\n<p>La inversi\u00f3n constante en nuestra investigaci\u00f3n y desarrollo garantizan la fuerza innovadora que caracteriza a Engtechnik.<\/p>\n<p>[\/et_pb_text][\/et_pb_column][\/et_pb_row][\/et_pb_section]<\/p>\n","protected":false},"excerpt":{"rendered":"<p>Quienes somosComo proveedor industrial de productos, servicios, dise\u00f1ador, constructor y fabricante de maquinaria. El \u00e1rea de experiencia de Engtechnik es el desarrollo de productos de calidad premium para satisfacer las demandas del m\u00e1s exigente en un mercado globalizado como el que hoy tenemos.Filosof\u00eda Hemos operado en el campo de la automatizaci\u00f3n y dise\u00f1o de maquinaria [&hellip;]<\/p>\n","protected":false},"author":1,"featured_media":158,"parent":0,"menu_order":0,"comment_status":"closed","ping_status":"closed","template":"","meta":{"_acf_changed":false,"_et_pb_use_builder":"on","_et_pb_old_content":"","_et_gb_content_width":"","footnotes":""},"class_list":["post-373","page","type-page","status-publish","has-post-thumbnail","hentry"],"acf":[],"_links":{"self":[{"href":"https:\/\/engtechnik.com\/es\/wp-json\/wp\/v2\/pages\/373","targetHints":{"allow":["GET"]}}],"collection":[{"href":"https:\/\/engtechnik.com\/es\/wp-json\/wp\/v2\/pages"}],"about":[{"href":"https:\/\/engtechnik.com\/es\/wp-json\/wp\/v2\/types\/page"}],"author":[{"embeddable":true,"href":"https:\/\/engtechnik.com\/es\/wp-json\/wp\/v2\/users\/1"}],"replies":[{"embeddable":true,"href":"https:\/\/engtechnik.com\/es\/wp-json\/wp\/v2\/comments?post=373"}],"version-history":[{"count":5,"href":"https:\/\/engtechnik.com\/es\/wp-json\/wp\/v2\/pages\/373\/revisions"}],"predecessor-version":[{"id":458,"href":"https:\/\/engtechnik.com\/es\/wp-json\/wp\/v2\/pages\/373\/revisions\/458"}],"wp:featuredmedia":[{"embeddable":true,"href":"https:\/\/engtechnik.com\/es\/wp-json\/wp\/v2\/media\/158"}],"wp:attachment":[{"href":"https:\/\/engtechnik.com\/es\/wp-json\/wp\/v2\/media?parent=373"}],"curies":[{"name":"wp","href":"https:\/\/api.w.org\/{rel}","templated":true}]}}