{"id":357,"date":"2021-11-04T00:33:26","date_gmt":"2021-11-04T04:33:26","guid":{"rendered":"https:\/\/engtechnik.com\/servicios\/"},"modified":"2021-11-10T13:02:39","modified_gmt":"2021-11-10T18:02:39","slug":"programacion-de-plc","status":"publish","type":"page","link":"https:\/\/engtechnik.com\/es\/programacion-de-plc\/","title":{"rendered":"Servicios"},"content":{"rendered":"\n[et_pb_section fb_built=\u00bb1&#8243; _builder_version=\u00bb4.12.0&#8243; _module_preset=\u00bbdefault\u00bb background_color=\u00bbrgba(17,17,17,0.4)\u00bb background_image=\u00bbhttps:\/\/engtechnik.com\/wp-content\/uploads\/2021\/11\/mahinery-design.jpg\u00bb background_blend=\u00bbmultiply\u00bb custom_padding=\u00bb3%||3%||true|false\u00bb global_colors_info=\u00bb{}\u00bb][et_pb_row _builder_version=\u00bb4.12.0&#8243; _module_preset=\u00bbdefault\u00bb global_colors_info=\u00bb{}\u00bb][et_pb_column type=\u00bb4_4&#8243; _builder_version=\u00bb4.12.0&#8243; _module_preset=\u00bbdefault\u00bb global_colors_info=\u00bb{}\u00bb][et_pb_text _builder_version=\u00bb4.12.0&#8243; _module_preset=\u00bbdefault\u00bb header_font=\u00bb|||on|||||\u00bb header_text_align=\u00bbleft\u00bb header_text_color=\u00bb#FFFFFF\u00bb global_colors_info=\u00bb{}\u00bb]<h1>Nuestros servicios<\/h1>[\/et_pb_text][\/et_pb_column][\/et_pb_row][\/et_pb_section][et_pb_section fb_built=\u00bb1&#8243; _builder_version=\u00bb4.12.0&#8243; _module_preset=\u00bbdefault\u00bb custom_padding=\u00bb43px||25px|||\u00bb global_colors_info=\u00bb{}\u00bb][et_pb_row _builder_version=\u00bb4.12.0&#8243; _module_preset=\u00bbdefault\u00bb global_colors_info=\u00bb{}\u00bb custom_padding=\u00bb||2px|||\u00bb][et_pb_column type=\u00bb4_4&#8243; _builder_version=\u00bb4.12.0&#8243; _module_preset=\u00bbdefault\u00bb global_colors_info=\u00bb{}\u00bb][et_pb_text module_class=\u00bbengtech-list\u00bb _builder_version=\u00bb4.12.0&#8243; _module_preset=\u00bbdefault\u00bb global_colors_info=\u00bb{}\u00bb]<ul>\r\n<li><strong>Dise\u00f1o 3D:<\/strong> Dise\u00f1o 3D y simulaciones.<\/li>\r\n<li><strong>Programaci\u00f3n de PLC:<\/strong> Sistemas individuales de unidades de PLC con programaci\u00f3n HMI.<\/li>\r\n<li><strong>Servicio El\u00e9ctrico:<\/strong>Gabinetes de bajo voltaje y sistema de control automaticos.<\/li>\r\n<li><strong>Inyecci\u00f3n de pl\u00e1stico:<\/strong> Soporte t\u00e9cnico y mantenimiento de los equipos.<\/li>\r\n<li><strong>Industria Aeroespacial:<\/strong> Maquinados de alta precisi\u00f3n para aplicaciones de la industria aeroespacial.<\/li>\r\n<\/ul>[\/et_pb_text][\/et_pb_column][\/et_pb_row][\/et_pb_section][et_pb_section fb_built=\u00bb1&#8243; _builder_version=\u00bb4.12.0&#8243; _module_preset=\u00bbdefault\u00bb custom_padding=\u00bb0px||||false|false\u00bb global_colors_info=\u00bb{}\u00bb][et_pb_row use_custom_gutter=\u00bbon\u00bb gutter_width=\u00bb1&#8243; _builder_version=\u00bb4.12.0&#8243; _module_preset=\u00bbdefault\u00bb global_colors_info=\u00bb{}\u00bb][et_pb_column type=\u00bb4_4&#8243; _builder_version=\u00bb4.12.0&#8243; _module_preset=\u00bbdefault\u00bb global_colors_info=\u00bb{}\u00bb]<p>[et_pb_gallery gallery_ids=\u00bb187,189,191,193,195,197,199,201,203,205,207,209&#8243; posts_number=\u00bb18&#8243; show_title_and_caption=\u00bboff\u00bb show_pagination=\u00bboff\u00bb zoom_icon_color=\u00bb#FFFFFF\u00bb hover_overlay_color=\u00bbrgba(91,91,91,0.23)\u00bb module_class=\u00bbengtech-col-width\u00bb _builder_version=\u00bb4.12.0&#8243; _module_preset=\u00bbdefault\u00bb border_width_all=\u00bb1px\u00bb border_color_all=\u00bb#FFFFFF\u00bb global_colors_info=\u00bb{}\u00bb][\/et_pb_gallery]<\/p>[\/et_pb_column][\/et_pb_row][\/et_pb_section][et_pb_section fb_built=\u00bb1&#8243; admin_label=\u00bbCTA\u00bb _builder_version=\u00bb4.12.0&#8243; _module_preset=\u00bbdefault\u00bb background_color=\u00bb#6AB165&#8243; custom_padding=\u00bb3%||3%||true|false\u00bb global_module=\u00bb176&#8243; global_colors_info=\u00bb{}\u00bb][et_pb_row column_structure=\u00bb3_5,2_5&#8243; use_custom_gutter=\u00bbon\u00bb gutter_width=\u00bb2&#8243; make_equal=\u00bbon\u00bb module_class=\u00bbcol-middle\u00bb _builder_version=\u00bb4.12.0&#8243; _module_preset=\u00bbdefault\u00bb custom_margin=\u00bb||||false|false\u00bb custom_padding=\u00bb0px||0px||true|false\u00bb global_colors_info=\u00bb{}\u00bb][et_pb_column type=\u00bb3_5&#8243; _builder_version=\u00bb4.12.0&#8243; _module_preset=\u00bbdefault\u00bb global_colors_info=\u00bb{}\u00bb][et_pb_text _builder_version=\u00bb4.12.0&#8243; _module_preset=\u00bbdefault\u00bb text_font=\u00bb|600|||||||\u00bb text_text_color=\u00bb#FFFFFF\u00bb text_font_size=\u00bb25px\u00bb global_colors_info=\u00bb{}\u00bb]<p>Looking for an automation solution for your company?<\/p>[\/et_pb_text][et_pb_text _builder_version=\u00bb4.12.0&#8243; _module_preset=\u00bbdefault\u00bb text_font_size=\u00bb18px\u00bb background_layout=\u00bbdark\u00bb global_colors_info=\u00bb{}\u00bb]<p>Contact us today for a free consultation or more information<\/p>[\/et_pb_text][\/et_pb_column][et_pb_column type=\u00bb2_5&#8243; _builder_version=\u00bb4.12.0&#8243; _module_preset=\u00bbdefault\u00bb global_colors_info=\u00bb{}\u00bb][et_pb_button button_url=\u00bb@ET-DC@eyJkeW5hbWljIjp0cnVlLCJjb250ZW50IjoicG9zdF9saW5rX3VybF9wYWdlIiwic2V0dGluZ3MiOnsicG9zdF9pZCI6IjQ1In19@\u00bb button_text=\u00bbGet in touch\u00bb button_alignment=\u00bbcenter\u00bb _builder_version=\u00bb4.12.0&#8243; _dynamic_attributes=\u00bbbutton_url\u00bb _module_preset=\u00bbdefault\u00bb custom_button=\u00bbon\u00bb background_layout=\u00bbdark\u00bb global_colors_info=\u00bb{}\u00bb][\/et_pb_button][\/et_pb_column][\/et_pb_row][\/et_pb_section]\n","protected":false},"excerpt":{"rendered":"<p>Nuestros servicios Dise\u00f1o 3D: Dise\u00f1o 3D y simulaciones. Programaci\u00f3n de PLC: Sistemas individuales de unidades de PLC con programaci\u00f3n HMI. Servicio El\u00e9ctrico:Gabinetes de bajo voltaje y sistema de control automaticos. Inyecci\u00f3n de pl\u00e1stico: Soporte t\u00e9cnico y mantenimiento de los equipos. Industria Aeroespacial: Maquinados de alta precisi\u00f3n para aplicaciones de la industria aeroespacial. Looking for an [&hellip;]<\/p>\n","protected":false},"author":1,"featured_media":212,"parent":0,"menu_order":0,"comment_status":"closed","ping_status":"closed","template":"","meta":{"_acf_changed":false,"_et_pb_use_builder":"on","_et_pb_old_content":"","_et_gb_content_width":"","footnotes":""},"class_list":["post-357","page","type-page","status-publish","has-post-thumbnail","hentry"],"acf":[],"_links":{"self":[{"href":"https:\/\/engtechnik.com\/es\/wp-json\/wp\/v2\/pages\/357","targetHints":{"allow":["GET"]}}],"collection":[{"href":"https:\/\/engtechnik.com\/es\/wp-json\/wp\/v2\/pages"}],"about":[{"href":"https:\/\/engtechnik.com\/es\/wp-json\/wp\/v2\/types\/page"}],"author":[{"embeddable":true,"href":"https:\/\/engtechnik.com\/es\/wp-json\/wp\/v2\/users\/1"}],"replies":[{"embeddable":true,"href":"https:\/\/engtechnik.com\/es\/wp-json\/wp\/v2\/comments?post=357"}],"version-history":[{"count":5,"href":"https:\/\/engtechnik.com\/es\/wp-json\/wp\/v2\/pages\/357\/revisions"}],"predecessor-version":[{"id":460,"href":"https:\/\/engtechnik.com\/es\/wp-json\/wp\/v2\/pages\/357\/revisions\/460"}],"wp:featuredmedia":[{"embeddable":true,"href":"https:\/\/engtechnik.com\/es\/wp-json\/wp\/v2\/media\/212"}],"wp:attachment":[{"href":"https:\/\/engtechnik.com\/es\/wp-json\/wp\/v2\/media?parent=357"}],"curies":[{"name":"wp","href":"https:\/\/api.w.org\/{rel}","templated":true}]}}